{"id":159,"date":"2017-11-13T13:37:42","date_gmt":"2017-11-13T13:37:42","guid":{"rendered":"http:\/\/doroti.graphite.hu\/impressum\/"},"modified":"2017-11-13T14:47:11","modified_gmt":"2017-11-13T14:47:11","slug":"impressum","status":"publish","type":"page","link":"https:\/\/doroti.hu\/en\/impressum\/","title":{"rendered":"Impressum"},"content":{"rendered":"<div class=\"be-section         clearfix\" data-headerscheme=\"background--light\" style=\" \"  ><div class=\"be-section-pad clearfix \" style=\" padding-top:30px;padding-bottom:30px;\" data-padding-top = \"30\"><div  class=\"be-row be-wrap clearfix \"><div  class=\"one-col column-block clearfix  no-background    \" data-animation=\"\" style=\"  \"><div class=\"be-custom-column-inner\"><div class=\"special-subtitle-wrap  0\" style=\"margin-bottom: 30px;\" data-animation=\"fadeIn\"><div class=\"align-center\"><span class=\"special-subtitle\" style=\"color: #004f9f; font-size: 34px ; width: 100%\" >Impressum<\/span><\/div><\/div><\/div><\/div><\/div><\/div><\/div><div class=\"be-section         clearfix\" data-headerscheme=\"background--light\" style=\" \" id = \"impressum\" ><div class=\"be-section-pad clearfix \" style=\" padding-top:0px;padding-bottom:60px;\" data-padding-top = \"0\"><div  class=\"be-row be-wrap clearfix \"><div  class=\"one-col column-block clearfix  no-background    \" data-animation=\"\" style=\"  \"><div class=\"be-custom-column-inner\"><div class=\"special-subtitle-wrap  0\" style=\"margin-bottom: 30px;\" data-animation=\"fadeIn\"><div class=\"align-center\"><span class=\"special-subtitle\" style=\"color: #004f9f; font-size: 18px ; width: 100%\" >1. Information about the operator<\/span><\/div><\/div><div class=\"two-col\">\n<p><strong>Full name of operator:<\/strong>Doroti PACK Kereskedelmi \u00e9s Szolg\u00e1ltat\u00f3 Korl\u00e1tolt Felel\u0151ss\u00e9g\u0171 T\u00e1rsas\u00e1g<\/p>\n<p><strong>Short name of operator:<\/strong>Doroti PACK Kft.<\/p>\n<p><strong>Company residence of operator: <\/strong>R\u00e1k\u00f3czi F. u. 74., H-8558 Cs\u00f3t, Hungary<\/p>\n<p><strong>Post address:<\/strong>R\u00e1k\u00f3czi F. u. 74., H-8558 Cs\u00f3t, Hungary<\/p>\n<p><strong>Registry court number of operator:<\/strong>19-09-510509<\/p>\n<p><strong>VAT number of operator:<\/strong>14373914-2-19<\/p>\n<p><strong>EU VAT number of operator:<\/strong>HU14373914<\/p>\n<p><strong>Chamber registry number of operator:<\/strong>VE14373914&nbsp;(Veszpr\u00e9m Megyei&nbsp;Kereskedelmi \u00e9s Iparkamara)<\/p>\n<p><strong>Data handling registry number of operator:<\/strong>NAIH&nbsp;\u2013<\/p>\n<p><strong>Bank account number of operator:<\/strong>11748045-20061409-00000000 OTP Bank<\/p>\n<p><strong>IBAN number:<\/strong>HU42117480452006140900000000 (international bank account number)<\/p>\n<p><strong>BIC (SWIFT):<\/strong>OTPVHUHB<\/p>\n<\/div>\n<div class=\"special-subtitle-wrap  0\" style=\"margin-bottom: 30px;\" data-animation=\"fadeIn\"><div class=\"align-center\"><span class=\"special-subtitle\" style=\"color: #004f9f; font-size: 18px ; width: 100%\" >2. Contact detais of the operator<\/span><\/div><\/div><div class=\"two-col\">\n<p><strong>Customer service:<\/strong>07:00-15:30, every day<\/p>\n<p><strong>Phone:<\/strong>+36 89 354 277<\/p>\n<p><strong>Mobile:<\/strong>+36 30 5309820<\/p>\n<p><strong>E-mail:<\/strong><a href=\"mailto:info@doroti.hu\">info@doroti.hu<\/a><\/p>\n<\/div>\n<div class=\"special-subtitle-wrap  0\" style=\"margin-bottom: 30px;\" data-animation=\"fadeIn\"><div class=\"align-center\"><span class=\"special-subtitle\" style=\"color: #004f9f; font-size: 18px ; width: 100%\" >3. Information about the hosting service provider of this website<\/span><\/div><\/div><div class=\"two-col\">\n<p><strong>Full name of provider:<\/strong>RTI-Engineering Korl\u00e1tolt Felel\u0151ss\u00e9g\u0171 T\u00e1rsas\u00e1g<\/p>\n<p><strong>Short name of provider:<\/strong>RTI Engineering Kft.<\/p>\n<p><strong>Company residence of provider:<\/strong>V\u00e9csey K\u00e1roly utca 8. N. \u00e9p., H-8200 Veszpr\u00e9m, Hungary<\/p>\n<p><strong>Post address of provider:<\/strong>V\u00e9csey K\u00e1roly utca 8. N. \u00e9p., H-8200 Veszpr\u00e9m, Hungary<\/p>\n<p><strong>Registry court number of provider:<\/strong>19 09 516058<\/p>\n<p><strong>VAT number of provider:<\/strong>24241689-2-19<\/p>\n<p><strong>EU VAT number of provider:<\/strong>HU24241689<\/p>\n<\/div>\n<\/div><\/div><\/div><\/div><\/div>","protected":false},"excerpt":{"rendered":"<p>Impressum1. Information about the operator Full name of operator:Doroti PACK Kereskedelmi \u00e9s Szolg\u00e1ltat\u00f3 Korl\u00e1tolt Felel\u0151ss\u00e9g\u0171 T\u00e1rsas\u00e1g Short name of operator:Doroti PACK Kft. Company residence of operator: R\u00e1k\u00f3czi F. u. 74., [&hellip;]<\/p>\n<p><a href=\"https:\/\/doroti.hu\/en\/impressum\/\" class=\"more-link style1-button\">Read More<\/a><\/p>","protected":false},"author":1,"featured_media":0,"parent":0,"menu_order":0,"comment_status":"closed","ping_status":"closed","template":"","meta":[],"_links":{"self":[{"href":"https:\/\/doroti.hu\/en\/wp-json\/wp\/v2\/pages\/159"}],"collection":[{"href":"https:\/\/doroti.hu\/en\/wp-json\/wp\/v2\/pages"}],"about":[{"href":"https:\/\/doroti.hu\/en\/wp-json\/wp\/v2\/types\/page"}],"author":[{"embeddable":true,"href":"https:\/\/doroti.hu\/en\/wp-json\/wp\/v2\/users\/1"}],"replies":[{"embeddable":true,"href":"https:\/\/doroti.hu\/en\/wp-json\/wp\/v2\/comments?post=159"}],"version-history":[{"count":1,"href":"https:\/\/doroti.hu\/en\/wp-json\/wp\/v2\/pages\/159\/revisions"}],"predecessor-version":[{"id":160,"href":"https:\/\/doroti.hu\/en\/wp-json\/wp\/v2\/pages\/159\/revisions\/160"}],"wp:attachment":[{"href":"https:\/\/doroti.hu\/en\/wp-json\/wp\/v2\/media?parent=159"}],"curies":[{"name":"wp","href":"https:\/\/api.w.org\/{rel}","templated":true}]}}