{"id":144,"date":"2017-11-13T11:38:00","date_gmt":"2017-11-13T11:38:00","guid":{"rendered":"http:\/\/doroti.graphite.hu\/referenciaink\/"},"modified":"2017-11-13T12:12:00","modified_gmt":"2017-11-13T12:12:00","slug":"references","status":"publish","type":"page","link":"https:\/\/doroti.hu\/en\/references\/","title":{"rendered":"References"},"content":{"rendered":"<div class=\"be-section         clearfix\" data-headerscheme=\"background--light\" style=\" \"  ><div class=\"be-section-pad clearfix \" style=\" padding-top:60px;padding-bottom:60px;\" data-padding-top = \"60\"><div  class=\"be-row be-wrap clearfix \"><div  class=\"one-col column-block clearfix  no-background    \" data-animation=\"\" style=\"  \"><div class=\"be-custom-column-inner\"><div class=\"special-subtitle-wrap  0\" style=\"margin-bottom: 30px;\" data-animation=\"fadeInRight\"><div class=\"align-center\"><span class=\"special-subtitle\" style=\"color: #004f9f; font-size: 34px ; width: 100%\" >References<\/span><\/div><\/div><\/div><\/div><\/div><\/div><\/div><div class=\"be-section         clearfix\" data-headerscheme=\"background--light\" style=\" background-color: #f8f8f8;\" id = \"referenciaink-szurke\" ><div class=\"be-section-pad clearfix \" style=\" padding-top:60px;padding-bottom:90px;\" data-padding-top = \"60\"><div class=\"be-row-wrap be-column-spacing clearfix\" style=\"border-spacing:30px 0;\"><div  class=\"be-row be-wrap  zero-bottom \"><div  class=\"one-fifth column-block  no-background   be-animate  \" data-animation=\"fadeInUp\" style=\"  \"><div class=\"be-custom-column-inner\"><p><img src=\"\/wp-content\/uploads\/2018\/01\/01.png\"><\/p>\n<\/div><\/div><div  class=\"one-fifth column-block  no-background   be-animate  \" data-animation=\"fadeInUp\" style=\"  \"><div class=\"be-custom-column-inner\"><p><img src=\"\/wp-content\/uploads\/2018\/01\/02.png\"><\/p>\n<\/div><\/div><div  class=\"one-fifth column-block  no-background   be-animate  \" data-animation=\"fadeInUp\" style=\"  \"><div class=\"be-custom-column-inner\"><p><img src=\"\/wp-content\/uploads\/2018\/01\/03.png\"><\/p>\n<\/div><\/div><div  class=\"one-fifth column-block  no-background   be-animate  \" data-animation=\"fadeInUp\" style=\"  \"><div class=\"be-custom-column-inner\"><p><img src=\"\/wp-content\/uploads\/2018\/01\/04.png\"><\/p>\n<\/div><\/div><div  class=\"one-fifth column-block  no-background   be-animate  \" data-animation=\"fadeInUp\" style=\"  \"><div class=\"be-custom-column-inner\"><p><img src=\"\/wp-content\/uploads\/2018\/01\/05.png\"><\/p>\n<\/div><\/div><\/div><\/div><div class=\"be-row-wrap be-column-spacing clearfix\" style=\"border-spacing:30px 0;\"><div  class=\"be-row be-wrap  \"><div  class=\"one-fifth column-block  no-background   be-animate  \" data-animation=\"fadeInUp\" style=\"  \"><div class=\"be-custom-column-inner\"><p><img src=\"\/wp-content\/uploads\/2018\/01\/06.png\"><\/p>\n<\/div><\/div><div  class=\"one-fifth column-block  no-background   be-animate  \" data-animation=\"fadeInUp\" style=\"  \"><div class=\"be-custom-column-inner\"><p><img src=\"\/wp-content\/uploads\/2018\/01\/07.png\"><\/p>\n<\/div><\/div><div  class=\"one-fifth column-block  no-background   be-animate  \" data-animation=\"fadeInUp\" style=\"  \"><div class=\"be-custom-column-inner\"><p><img src=\"\/wp-content\/uploads\/2018\/01\/08.png\"><\/p>\n<\/div><\/div><div  class=\"one-fifth column-block  no-background   be-animate  \" data-animation=\"fadeInUp\" style=\"  \"><div class=\"be-custom-column-inner\"><p><img src=\"\/wp-content\/uploads\/2018\/01\/09.png\"><\/p>\n<\/div><\/div><div  class=\"one-fifth column-block  no-background   be-animate  \" data-animation=\"fadeInUp\" style=\"  \"><div class=\"be-custom-column-inner\"><p><img src=\"\/wp-content\/uploads\/2018\/01\/10.png\"><\/p>\n<\/div><\/div><\/div><\/div><\/div><\/div><div class=\"be-section         clearfix\" data-headerscheme=\"background--light\" style=\" \" id = \"referenciaink-feher\" ><div class=\"be-section-pad clearfix \" style=\" padding-top:60px;padding-bottom:60px;\" data-padding-top = \"60\"><div  class=\"be-row be-wrap clearfix \"><div  class=\"one-col column-block clearfix  no-background    \" data-animation=\"\" style=\"  \"><div class=\"be-custom-column-inner\"><ul class=\"references-list\">\n<li><strong>Alf\u00f6ldi H\u00fas Zrt. <\/strong>&#8211;&nbsp;renewal and upgrade of thermoforming packaging machine<\/li>\n<li><strong>Babati \u00e9s T\u00e1rsa Kft.&nbsp;<\/strong>&#8211; DorPack&nbsp;thermoforming packaging machine<\/li>\n<li><strong>Balaton Meat<\/strong>&nbsp;&#8211; DorPack&nbsp;thermoforming packaging machine<\/li>\n<li><strong>Bicskei Mez\u0151gazdas\u00e1gi \u00e9s Termel\u0151 Zrt.&nbsp;<\/strong><\/li>\n<li><strong>B\u00fazakal\u00e1sz 66 Felcs\u00fat Kft. &#8211; Bakony H\u00fas<\/strong>&nbsp;&#8211; DorPack&nbsp;thermoforming packaging machine<\/li>\n<li><strong>Chio Magyarorsz\u00e1g Kft.<\/strong>&nbsp;&#8211;&nbsp; renewal upgrade of the thermoformer packing machine, producing components<\/li>\n<li><strong>Debreceni Csoport H\u00fasipari Kft.&nbsp;<\/strong><\/li>\n<li><strong>\u00c9cs H\u00fasfeldolgoz\u00f3&nbsp;<\/strong><\/li>\n<li><strong>\u00c9szak &#8211; Hans\u00e1gi H\u00fasfeldolgoz\u00f3 Kft.<\/strong>&nbsp;&#8211;&nbsp;cooker-sooker, vacuum filler, vacuum packaging machine,&nbsp;cutter,&nbsp;tumbler,&nbsp;flake ice machine<\/li>\n<li><strong>Fino-Food Kft.<\/strong>&nbsp;&#8211; DorPack&nbsp;thermoforming packaging machine<\/li>\n<li><strong>Freddo Gast Kft.<\/strong> &#8211;&nbsp;DorPack&nbsp;thermoforming packaging machine<\/li>\n<li><strong>Gall Food Kft.&nbsp;<\/strong>&#8211; modified-atmospher (M.A.P.) tray&nbsp;packing machine,&nbsp;thermoforming packaging machines service and maintenance<\/li>\n<li><strong>Gici Tej &#8211; Tejterm\u00e9k feldolgoz\u00f3 \u00e9s \u00e9rt\u00e9kes\u00edt\u0151 Kft.<\/strong>&nbsp;&#8211; DorPack thermoforming packaging machine for cheese, maintenance and services,&nbsp;spicer solution<\/li>\n<li><strong>Gyulai H\u00faskombin\u00e1t Zrt.<\/strong>&nbsp;&#8211; components production for thermoforming packaging machine,&nbsp;renewal and upgrade of the thermoforming packaging machine,&nbsp;repairing labelling system,&nbsp;smoker<\/li>\n<li><strong>Hal\u00e1sz G\u00e1bor H\u00fas\u00fczem <\/strong>&#8211;<strong>&nbsp;<\/strong>DorPack thermoforming packaging machine<\/li>\n<li><strong>Halh\u00e1z Kft. Panarini<\/strong> &#8211; DorPack&nbsp;thermoforming packaging machine<\/li>\n<li><strong>HerCsi H\u00fas Kft.&nbsp;\u2013 <\/strong>DorPack thermoforming packaging machine, renewal and upgrade of thermoforming packaging machine<\/li>\n<li><strong>Herz Szal\u00e1migy\u00e1r Zrt.<\/strong>&nbsp;&#8211; renewal and servicing of thermoforming packaging machines,&nbsp;renewal of dicer machine<\/li>\n<li><strong>Hunnia H\u00fasipari Kft.<\/strong>&nbsp;&#8211;&nbsp;thermoforming packaging machine,&nbsp;producing components for&nbsp;thermoforming packaging machines,&nbsp;repairing and servicing thermoforming packaging machines<\/li>\n<li><strong>Hungerit Zrt. <\/strong>&#8211; DorPack thermoforming packaging machine, renewal and upgrade of thermoforming machines, producing components<\/li>\n<li><strong>Hungaro-Food 2009 Kft. &#8211;&nbsp;<\/strong>DorPack Packing and Slicing Line<\/li>\n<li><strong>H\u00fascsarnok Kft.<\/strong>&nbsp;&#8211; DorPack Packing and Slicing Line, Doroti Labelling System, Doroti Product Transfer System<\/li>\n<li><strong>Istermeat a.s.-&nbsp;<\/strong>\u200bDorPack thermoforming packaging machine with Doroti Labelling System<\/li>\n<li><strong>Kaiser Food \u00c9lelmiszeripari Kft.&nbsp;<\/strong>&#8211;&nbsp;repairing&nbsp;thermoforming packaging machines,&nbsp;repairing labelling system<\/li>\n<li><strong>J\u00e1ner-H\u00fas Zrt.<\/strong><\/li>\n<li><strong>Kiskunhalasi Baromfifeldolgoz\u00f3 Zrt.&nbsp;<\/strong><\/li>\n<li><strong>Khell-Food &#8211; <\/strong>DorPack thermoforming packaging machine with&nbsp;soft film,&nbsp;DorPack with hard film, Doroti Labelling Systems with printing modules,&nbsp;Slicer<\/li>\n<li><strong>Kopp\u00e1ny H\u00fas Hungaricum Kft.<\/strong>&#8211; modified-atmospher (M.A.P.) tray&nbsp;packer<\/li>\n<li><strong>K\u0151r\u00f6stej Tejfeldolgoz\u00f3 \u00e9s Kereskedelmi Kft. &#8211;&nbsp;<\/strong>DorPack thermoforming packaging machine<\/li>\n<li><strong>Kuntej Zrt.<\/strong> &#8211;&nbsp;DorPack&nbsp;thermoforming packaging machine<\/li>\n<li><strong>L\u00fad-Land Kft. &#8211;&nbsp;<\/strong>DorPack&nbsp;thermoforming packaging machine<\/li>\n<li><strong>N\u00e1dudvari \u00c9lelmiszer&nbsp;Kft.<\/strong> &#8211; components production<\/li>\n<li><strong>New Pizza System Kft.<\/strong><\/li>\n<li><strong>Master Good Kft. <\/strong>&#8211; renewal and upgrade of thermoforming packaging machine<\/li>\n<li><strong>Master &#8211; M Kft.&nbsp;<\/strong>&#8211;&nbsp;rebuilted thermoforming packing machine with soft filem, hard film<\/li>\n<li><strong>\u00d6csi H\u00fas Zrt.&nbsp;<\/strong>&#8211;&nbsp;thermoforming packing machines producing,&nbsp;components for thermoforming packing machines, cooker-smoker liquid smoke pulverizer<\/li>\n<li><strong>Papack Kft. <\/strong>&#8211; dispenser<\/li>\n<li><strong>Palcs\u00f3 Zolt\u00e1n Kft.&nbsp;<\/strong>&#8211; DorPack thermoforming packaging machine<\/li>\n<li><strong>Pick Szeged Zrt.<\/strong>&nbsp;&#8211;&nbsp;Doroti Product Transfer Systems, components for thermoforming packing machines,&nbsp;renewed packing machines,&nbsp;labelling system,&nbsp;thermotransfer printer,&nbsp;thermoforming packing machines repiring and servicing,&nbsp;liquid smoke pulverizer,&nbsp;liquid smoker<\/li>\n<li><strong>Pannontej Zrt. <\/strong>&#8211; DorPack&nbsp;thermoforming packaging machine, renewal and upgrade of thermoforming packing machines<\/li>\n<li><strong>P\u00e1pai H\u00fas 1913 Kft.&nbsp;<\/strong>&#8211; DorPack thermoforming packaging machine, Doroti Labelling System with print modules depositor repairing<\/li>\n<li><strong>Priv\u00e1t H\u00fasfeldolgoz\u00f3 Kft.<\/strong>&nbsp;&#8211;&nbsp;components for thermoforming packing machines, repairing thermoforming packing machines,&nbsp;filler machine repairing and servicing, Doroti Labelling System<\/li>\n<li><strong>S\u00e1Ga Foods \u00c9lelmiszeripari Zrt.&nbsp;<\/strong><\/li>\n<li><strong>Sajt-Kalm\u00e1r Kft. <\/strong>&#8211; DorPack Packing and Slicing Line<\/li>\n<li><strong>Soma&#8217;s Trade Kft.<\/strong><\/li>\n<li><strong>SPAR Magyarorsz\u00e1g Kft. <\/strong>&#8211;<strong>&nbsp;<\/strong>DorPack thermoforming packing machine with Doroti Product Transfer System<\/li>\n<li><strong>Surj\u00e1ny H\u00fas Kft.&nbsp;<\/strong>&#8211; DorCont liquid smoke pulverizer<\/li>\n<li><strong>Szarvas-fish Kft. &#8211;<\/strong>&nbsp;Dorpack thermoforming packing machine<\/li>\n<li><strong>Taravis Kft.<\/strong>&nbsp;&#8211; DorPack&nbsp;thermoforming packing machine<\/li>\n<li><strong>V\u00e1rda Baromfi H\u00fas Kft.<\/strong><\/li>\n<li><strong>Varga Sz\u00e1rnyas Kft.&nbsp;<\/strong>&#8211; DorPack&nbsp;thermoforming packing machine<\/li>\n<li><strong>Wiesbauer Dunah\u00fas Kft.<\/strong>&nbsp;&#8211; components for thermoforming packing machines<\/li>\n<li><strong>Zalai Baromfifeldolgoz\u00f3 Kft. &#8211;&nbsp;<\/strong>DorPack&nbsp;thermoforming packing machine<\/li>\n<\/ul>\n<\/div><\/div><\/div><\/div><\/div>","protected":false},"excerpt":{"rendered":"<p>References Alf\u00f6ldi H\u00fas Zrt. &#8211;&nbsp;renewal and upgrade of thermoforming packaging machine Babati \u00e9s T\u00e1rsa Kft.&nbsp;&#8211; DorPack&nbsp;thermoforming packaging machine Balaton Meat&nbsp;&#8211; DorPack&nbsp;thermoforming packaging machine Bicskei Mez\u0151gazdas\u00e1gi \u00e9s Termel\u0151 Zrt.&nbsp; B\u00fazakal\u00e1sz 66 [&hellip;]<\/p>\n<p><a href=\"https:\/\/doroti.hu\/en\/references\/\" class=\"more-link style1-button\">Read More<\/a><\/p>","protected":false},"author":1,"featured_media":0,"parent":0,"menu_order":0,"comment_status":"closed","ping_status":"closed","template":"","meta":[],"_links":{"self":[{"href":"https:\/\/doroti.hu\/en\/wp-json\/wp\/v2\/pages\/144"}],"collection":[{"href":"https:\/\/doroti.hu\/en\/wp-json\/wp\/v2\/pages"}],"about":[{"href":"https:\/\/doroti.hu\/en\/wp-json\/wp\/v2\/types\/page"}],"author":[{"embeddable":true,"href":"https:\/\/doroti.hu\/en\/wp-json\/wp\/v2\/users\/1"}],"replies":[{"embeddable":true,"href":"https:\/\/doroti.hu\/en\/wp-json\/wp\/v2\/comments?post=144"}],"version-history":[{"count":1,"href":"https:\/\/doroti.hu\/en\/wp-json\/wp\/v2\/pages\/144\/revisions"}],"predecessor-version":[{"id":145,"href":"https:\/\/doroti.hu\/en\/wp-json\/wp\/v2\/pages\/144\/revisions\/145"}],"wp:attachment":[{"href":"https:\/\/doroti.hu\/en\/wp-json\/wp\/v2\/media?parent=144"}],"curies":[{"name":"wp","href":"https:\/\/api.w.org\/{rel}","templated":true}]}}