{"id":132,"date":"2017-10-26T12:38:09","date_gmt":"2017-10-26T12:38:09","guid":{"rendered":"http:\/\/doroti.graphite.hu\/fooldal\/"},"modified":"2017-11-12T18:46:47","modified_gmt":"2017-11-12T18:46:47","slug":"fooldal","status":"publish","type":"page","link":"https:\/\/doroti.hu\/en\/","title":{"rendered":"Home page"},"content":{"rendered":"<div class=\"be-section         clearfix\" data-headerscheme=\"background--light\" style=\" \" id = \"gepeink\" ><div class=\"be-section-pad clearfix \" style=\" padding-top:60px;padding-bottom:60px;\" data-padding-top = \"60\"><div  class=\"be-row be-wrap clearfix \"><div  class=\"one-col column-block clearfix  no-background    \" data-animation=\"\" style=\"  \"><div class=\"be-custom-column-inner\"><div class=\"special-subtitle-wrap  0\" style=\"margin-bottom: 30px;\" data-animation=\"fadeInRight\"><div class=\"align-center\"><span class=\"special-subtitle\" style=\"color: #004f9f; font-size: 34px ; width: 100%\" >Our machines<\/span><\/div><\/div><p>Doroti Pack Ltd. is specialised in the production and servicing of packaging machines. Our company is found&nbsp;in Hungary.&nbsp;We focus on&nbsp;developing,&nbsp;manufacturing,&nbsp;producing and selling&nbsp;premium-quality packaging equipments&nbsp;basically for food products but for other type of products as well.<\/p>\n<p>Each of our DorPack machine is&nbsp;individually designed to meet the&nbsp;needs of our customers&#8217; and their product parameters.&nbsp;We are specialized for over&nbsp;22 years in the manufacturing and servicing of thermoforming packaging machines and we also developed our Doroti labelling system and product transforming system as a perfect accessory for our machines.<\/p>\n<\/div><\/div><\/div><div class=\"be-row-wrap be-column-spacing clearfix\" style=\"border-spacing:30px 0;\"><div  class=\"be-row be-wrap  zero-bottom \"><div  class=\"one-third column-block  no-background   be-animate  \" data-animation=\"fadeInUp\" style=\"  \"><div class=\"be-custom-column-inner\"><div class=\"machine\">\n<p><a class=\"image-wrapper\" href=\"\/en\/dorpack-thermoforming-packaging-machines\/\"><img src=\"\/wp-content\/uploads\/2018\/01\/dorpack_csomagologepek.jpg\"><\/a><\/p>\n<div class=\"wrapper\">\n<p class=\"title\">Thermoforming packagers<\/p>\n<\/div>\n<\/div>\n<\/div><\/div><div  class=\"one-third column-block  no-background   be-animate  \" data-animation=\"fadeInUp\" style=\"  \"><div class=\"be-custom-column-inner\"><div class=\"machine\">\n<p><a class=\"image-wrapper\" href=\"\/en\/doroti-labelling-systems\/\"><img src=\"\/wp-content\/uploads\/2018\/01\/doroti_cimkezo_rendszer.jpg\"><\/a><\/p>\n<div class=\"wrapper\">\n<p class=\"title\">Labelling systems<\/p>\n<\/div>\n<\/div>\n<\/div><\/div><div  class=\"one-third column-block  no-background    \" data-animation=\"\" style=\"  \"><div class=\"be-custom-column-inner\"><div class=\"machine\">\n<p><a class=\"image-wrapper\" href=\"\/en\/doroti-product-transfer-system\/\"><img src=\"\/wp-content\/uploads\/2017\/10\/doroti_csomagsorolo.jpg\"><\/a><\/p>\n<div class=\"wrapper\">\n<p class=\"title\">Product transfer system<\/p>\n<\/div>\n<\/div>\n<\/div><\/div><\/div><\/div><\/div><\/div><div class=\"be-section         clearfix\" data-headerscheme=\"background--light\" style=\" background-color: #004f9f;\" id = \"szolgaltatasaink\" ><div class=\"be-section-pad clearfix \" style=\" padding-top:60px;padding-bottom:90px;\" data-padding-top = \"60\"><div  class=\"be-row be-wrap clearfix \"><div  class=\"one-col column-block clearfix  no-background    \" data-animation=\"\" style=\"  \"><div class=\"be-custom-column-inner\"><div class=\"special-subtitle-wrap  0\" style=\"margin-bottom: 30px;\" data-animation=\"fadeInRight\"><div class=\"align-center\"><span class=\"special-subtitle\" style=\"color: #ffffff; font-size: 34px ; width: 100%\" >Our services<\/span><\/div><\/div><\/div><\/div><\/div><div  class=\"be-row be-wrap clearfix \"><div  class=\"one-third column-block  no-background   be-animate  \" data-animation=\"fadeInUp\" style=\"  \"><div class=\"be-custom-column-inner\"><div class=\"service\">\n<p class=\"service-icon-wrapper\"><img class=\"service-icon\" src=\"\/wp-content\/uploads\/2017\/10\/service_01.svg\"><\/p>\n<div class=\"service-description\">\n<h3>Servicing and maintenance<\/h3>\n<hr class=\"separator\">\n<p>Preventive maintenance, full packaging machine renewals, replacement of parts<\/p>\n<p><a class=\"button\" href=\"&#091;link id='162'&#093;\/#services-page\">Details<i class=\"fa fa-angle-right\"><\/i><\/a><\/p>\n<\/div>\n<\/div>\n<\/div><\/div><div  class=\"one-third column-block  no-background   be-animate  \" data-animation=\"fadeInUp\" style=\"  \"><div class=\"be-custom-column-inner\"><div class=\"service\">\n<p class=\"service-icon-wrapper\"><img class=\"service-icon\" src=\"\/wp-content\/uploads\/2017\/10\/service_02.svg\"><\/p>\n<div class=\"service-description\">\n<h3>Preparation of packaging tools<\/h3>\n<hr class=\"separator\">\n<p>Design, production and installation of custom sized packaging tools.<\/p>\n<p><a class=\"button\" href=\"&#091;link id='162'&#093;\/#services-page\">Details<i class=\"fa fa-angle-right\"><\/i><\/a><\/p>\n<\/div>\n<\/div>\n<\/div><\/div><div  class=\"one-third column-block  no-background   be-animate  \" data-animation=\"fadeInUp\" style=\"  \"><div class=\"be-custom-column-inner\"><div class=\"service\">\n<p class=\"service-icon-wrapper\"><img class=\"service-icon\" src=\"\/wp-content\/uploads\/2018\/01\/service_03.svg\"><\/p>\n<div class=\"service-description\">\n<h3>Renewal of welding and cutting tools<\/h3>\n<hr class=\"separator\">\n<p>Scheduled checks, short lead times<\/p>\n<p><a class=\"button\" href=\"&#091;link id='162'&#093;\/#welding\">Details<i class=\"fa fa-angle-right\"><\/i><\/a><\/p>\n<\/div>\n<\/div>\n<\/div><\/div><\/div><\/div><\/div><div class=\"be-section         clearfix\" data-headerscheme=\"background--light\" style=\" \" id = \"referenciaink\" ><div class=\"be-section-pad clearfix \" style=\" padding-top:60px;padding-bottom:60px;\" data-padding-top = \"60\"><div  class=\"be-row be-wrap clearfix \"><div  class=\"one-col column-block clearfix  no-background    \" data-animation=\"\" style=\"  \"><div class=\"be-custom-column-inner\"><div class=\"special-subtitle-wrap  0\" style=\"margin-bottom: 30px;\" data-animation=\"fadeInRight\"><div class=\"align-center\"><span class=\"special-subtitle\" style=\"color: #004f9f; font-size: 34px ; width: 100%\" >References<\/span><\/div><\/div><\/div><\/div><\/div><div class=\"be-row-wrap be-column-spacing clearfix\" style=\"border-spacing:30px 0;\"><div  class=\"be-row be-wrap  zero-bottom \"><div  class=\"one-fifth column-block  no-background   be-animate  \" data-animation=\"fadeInUp\" style=\"  \"><div class=\"be-custom-column-inner\"><p><img src=\"\/wp-content\/uploads\/2018\/01\/01.png\"><\/p>\n<\/div><\/div><div  class=\"one-fifth column-block  no-background   be-animate  \" data-animation=\"fadeInUp\" style=\"  \"><div class=\"be-custom-column-inner\"><p><img src=\"\/wp-content\/uploads\/2018\/01\/02.png\"><\/p>\n<\/div><\/div><div  class=\"one-fifth column-block  no-background   be-animate  \" data-animation=\"fadeInUp\" style=\"  \"><div class=\"be-custom-column-inner\"><p><img src=\"\/wp-content\/uploads\/2018\/01\/03.png\"><\/p>\n<\/div><\/div><div  class=\"one-fifth column-block  no-background   be-animate  \" data-animation=\"fadeInUp\" style=\"  \"><div class=\"be-custom-column-inner\"><p><img src=\"\/wp-content\/uploads\/2018\/01\/04.png\"><\/p>\n<\/div><\/div><div  class=\"one-fifth column-block  no-background   be-animate  \" data-animation=\"fadeInUp\" style=\"  \"><div class=\"be-custom-column-inner\"><p><img src=\"\/wp-content\/uploads\/2018\/01\/05.png\"><\/p>\n<\/div><\/div><\/div><\/div><div class=\"be-row-wrap be-column-spacing clearfix\" style=\"border-spacing:30px 0;\"><div  class=\"be-row be-wrap  \"><div  class=\"one-fifth column-block  no-background   be-animate  \" data-animation=\"fadeInUp\" style=\"  \"><div class=\"be-custom-column-inner\"><p><img src=\"\/wp-content\/uploads\/2018\/01\/06.png\"><\/p>\n<\/div><\/div><div  class=\"one-fifth column-block  no-background   be-animate  \" data-animation=\"fadeInUp\" style=\"  \"><div class=\"be-custom-column-inner\"><p><img src=\"\/wp-content\/uploads\/2018\/01\/07.png\"><\/p>\n<\/div><\/div><div  class=\"one-fifth column-block  no-background   be-animate  \" data-animation=\"fadeInUp\" style=\"  \"><div class=\"be-custom-column-inner\"><p><img src=\"\/wp-content\/uploads\/2018\/01\/08.png\"><\/p>\n<\/div><\/div><div  class=\"one-fifth column-block  no-background   be-animate  \" data-animation=\"fadeInUp\" style=\"  \"><div class=\"be-custom-column-inner\"><p><img src=\"\/wp-content\/uploads\/2018\/01\/09.png\"><\/p>\n<\/div><\/div><div  class=\"one-fifth column-block  no-background   be-animate  \" data-animation=\"fadeInUp\" style=\"  \"><div class=\"be-custom-column-inner\"><p><img src=\"\/wp-content\/uploads\/2018\/01\/10.png\"><\/p>\n<\/div><\/div><\/div><\/div><div  class=\"be-row be-wrap clearfix zero-bottom \"><div  class=\"one-col column-block clearfix  no-background    \" data-animation=\"\" style=\"  \"><div class=\"be-custom-column-inner\"><div class=\"linebreak \" style=\"height:30px;\"><\/div><div class=\"button-wrapper\"><a class=\"button\" href=\"&#091;link id='141'&#093;\">More<i class=\"fa fa-angle-right\"><\/i><\/a><\/div>\n<\/div><\/div><\/div><\/div><\/div><div class=\"be-section   be-bg-cover be-bg-parallax     clearfix\" data-headerscheme=\"background--light\" style=\" background: url(https:\/\/doroti.hu\/wp-content\/uploads\/2017\/10\/production_bg.jpg) no-repeat fixed center center;\" id = \"contacts\" ><div class=\"be-section-pad clearfix \" style=\" padding-top:90px;padding-bottom:60px;\" data-padding-top = \"90\"><div  class=\"be-row be-wrap clearfix \"><div  class=\"one-col column-block clearfix  no-background    \" data-animation=\"\" style=\"  \"><div class=\"be-custom-column-inner\"><div class=\"special-subtitle-wrap  0\" style=\"margin-bottom: 30px;\" data-animation=\"fadeInRight\"><div class=\"align-center\"><span class=\"special-subtitle\" style=\"color: #ffffff; font-size: 34px ; width: 100%\" >Any questions?<\/span><\/div><\/div><\/div><\/div><\/div><div  class=\"be-row be-wrap clearfix \"><div  class=\"one-half column-block  no-background    \" data-animation=\"\" style=\"  \"><div class=\"be-custom-column-inner\"><div role=\"form\" class=\"wpcf7\" id=\"wpcf7-f146-o1\" lang=\"hu-HU\" dir=\"ltr\">\n<div class=\"screen-reader-response\">\n<p role=\"status\" aria-live=\"polite\" aria-atomic=\"true\">\n<ul><\/ul>\n<\/div>\n<form action=\"\/en\/wp-json\/wp\/v2\/pages\/132#wpcf7-f146-o1\" method=\"post\" class=\"wpcf7-form init\" novalidate=\"novalidate\" data-status=\"init\">\n<div style=\"display: none;\">\n<input type=\"hidden\" name=\"_wpcf7\" value=\"146\" \/><br \/>\n<input type=\"hidden\" name=\"_wpcf7_version\" value=\"5.4\" \/><br \/>\n<input type=\"hidden\" name=\"_wpcf7_locale\" value=\"hu_HU\" \/><br \/>\n<input type=\"hidden\" name=\"_wpcf7_unit_tag\" value=\"wpcf7-f146-o1\" \/><br \/>\n<input type=\"hidden\" name=\"_wpcf7_container_post\" value=\"0\" \/><br \/>\n<input type=\"hidden\" name=\"_wpcf7_posted_data_hash\" value=\"\" \/><br \/>\n<input type=\"hidden\" name=\"_wpcf7_recaptcha_response\" value=\"\" \/>\n<\/div>\n<div>\n<div class=\"half\">\n<h3>Name<\/h3>\n<p>    <span class=\"wpcf7-form-control-wrap your-name\"><input type=\"text\" name=\"your-name\" value=\"\" size=\"40\" class=\"wpcf7-form-control wpcf7-text wpcf7-validates-as-required\" aria-required=\"true\" aria-invalid=\"false\" \/><\/span><\/p>\n<\/div>\n<div class=\"half\">\n<h3>E-mail<\/h3>\n<p>    <span class=\"wpcf7-form-control-wrap your-email\"><input type=\"email\" name=\"your-email\" value=\"\" size=\"40\" class=\"wpcf7-form-control wpcf7-text wpcf7-email wpcf7-validates-as-required wpcf7-validates-as-email\" aria-required=\"true\" aria-invalid=\"false\" \/><\/span><\/p>\n<\/div>\n<\/div>\n<h3>Subject<\/h3>\n<p>    <span class=\"wpcf7-form-control-wrap your-subject\"><input type=\"text\" name=\"your-subject\" value=\"\" size=\"40\" class=\"wpcf7-form-control wpcf7-text\" aria-invalid=\"false\" \/><\/span><\/p>\n<h3>Message<\/h3>\n<p>    <span class=\"wpcf7-form-control-wrap your-message\"><textarea name=\"your-message\" cols=\"40\" rows=\"10\" class=\"wpcf7-form-control wpcf7-textarea wpcf7-validates-as-required\" aria-required=\"true\" aria-invalid=\"false\"><\/textarea><\/span><\/p>\n<p class=\"submit-wrapper\"><input type=\"submit\" value=\"Send\" class=\"wpcf7-form-control wpcf7-submit\" \/><\/p>\n<div class=\"wpcf7-response-output\" aria-hidden=\"true\"><\/div>\n<\/form>\n<\/div>\n<\/div><\/div><div  class=\"one-half column-block align-center no-background   be-animate  \" data-animation=\"fadeInRight\" style=\"  \"><div class=\"be-custom-column-inner\"><div class=\"contacts-box\">\n<h3><i class=\"fa fa-user-circle-o\"><\/i>Customer service<\/h3>\n<p>Mo-Fri 07:00-15:30<br \/>\nSat 07:00-12:00<\/p>\n<h3><i class=\"fa fa-phone\"><\/i>Phone<\/h3>\n<p>+36 89 354 277<\/p>\n<h3><i class=\"fa fa-mobile\"><\/i>Mobile<\/h3>\n<p>+36 30 530 9820<\/p>\n<h3><i class=\"fa fa-envelope-open\"><\/i>E-mail<\/h3>\n<p><a href=\"mailto:info@doroti.hu\">info@doroti.hu<\/a><\/p>\n<h3><i class=\"fa fa-map-marker\"><\/i>Address<\/h3>\n<p>R\u00e1k\u00f3czi F. u. 74., H-8558 Cs\u00f3t, Hungary<\/p>\n<\/div>\n<\/div><\/div><\/div><\/div><\/div><div class=\"be-section         clearfix\" data-headerscheme=\"background--light\" style=\" \" id = \"map\" ><div class=\"be-section-pad clearfix \" style=\" padding-top:0px;padding-bottom:0px;\" data-padding-top = \"0\"><div  class=\"be-row  zero-bottom \"><div  class=\"one-col column-block clearfix  no-background    \" data-animation=\"\" style=\"  \"><div class=\"be-custom-column-inner\"><div class=\"map-wrapper\"><iframe class=\"map-iframe\" src=\"\/wp-content\/themes\/oshin_child\/map.html\" width=\"300\" height=\"150\"><\/iframe><\/div>\n<\/div><\/div><\/div><\/div><\/div>","protected":false},"excerpt":{"rendered":"<p>Our machinesDoroti Pack Ltd. is specialised in the production and servicing of packaging machines. Our company is found&nbsp;in Hungary.&nbsp;We focus on&nbsp;developing,&nbsp;manufacturing,&nbsp;producing and selling&nbsp;premium-quality packaging equipments&nbsp;basically for food products but for [&hellip;]<\/p>\n<p><a href=\"https:\/\/doroti.hu\/en\/\" class=\"more-link style1-button\">Read More<\/a><\/p>","protected":false},"author":1,"featured_media":0,"parent":0,"menu_order":0,"comment_status":"closed","ping_status":"closed","template":"","meta":[],"_links":{"self":[{"href":"https:\/\/doroti.hu\/en\/wp-json\/wp\/v2\/pages\/132"}],"collection":[{"href":"https:\/\/doroti.hu\/en\/wp-json\/wp\/v2\/pages"}],"about":[{"href":"https:\/\/doroti.hu\/en\/wp-json\/wp\/v2\/types\/page"}],"author":[{"embeddable":true,"href":"https:\/\/doroti.hu\/en\/wp-json\/wp\/v2\/users\/1"}],"replies":[{"embeddable":true,"href":"https:\/\/doroti.hu\/en\/wp-json\/wp\/v2\/comments?post=132"}],"version-history":[{"count":1,"href":"https:\/\/doroti.hu\/en\/wp-json\/wp\/v2\/pages\/132\/revisions"}],"predecessor-version":[{"id":133,"href":"https:\/\/doroti.hu\/en\/wp-json\/wp\/v2\/pages\/132\/revisions\/133"}],"wp:attachment":[{"href":"https:\/\/doroti.hu\/en\/wp-json\/wp\/v2\/media?parent=132"}],"curies":[{"name":"wp","href":"https:\/\/api.w.org\/{rel}","templated":true}]}}